{"id":9,"date":"2013-03-19T07:35:00","date_gmt":"2013-03-19T07:35:00","guid":{"rendered":"http:\/\/willkommen.struss-heimausstattung.de\/?page_id=9"},"modified":"2018-05-19T10:16:53","modified_gmt":"2018-05-19T10:16:53","slug":"virtuell","status":"publish","type":"page","link":"https:\/\/willkommen.struss-heimausstattung.de\/?page_id=9","title":{"rendered":"Wir \u00fcber uns"},"content":{"rendered":"<h2>Sie m\u00f6chten wissen, was wir Ihnen bieten?<\/h2>\n<p style=\"text-align: justify;\">Die absolut gr\u00f6\u00dfte und vielf\u00e4ltigste Auswahl an Stoffen f\u00fcr s\u00e4mtliche Dekorationsarten f\u00fcr Ihr Heim finden Sie bei uns.<\/p>\n<p style=\"text-align: justify;\">Wir sind besonders stark in Sonderanfertigungen aller Art<\/p>\n<ul>\n<li>Kissen<\/li>\n<li>Tischdecken<\/li>\n<li>Lampenschirme<\/li>\n<li>Tagesdecken<\/li>\n<li>&#8230;<\/li>\n<\/ul>\n<p style=\"text-align: justify;\">Bad-Teppiche geh\u00f6ren wie Frottierwaren nach Ma\u00df und Wunschfarben ebenfalls dazu. Mit modernen Design oder eingefasste Teppiche aus unterschiedlichsten Rohstoffen bieten wir Ihnen Ihren Wunsch nach Wohlf\u00fchlatmosph\u00e4re.<\/p>\n<p style=\"text-align: justify;\">Tapeten, Stilgarnituren von modern bis klassisch, alle Veluxartikel, Markisen, Sonnenschirme, Bettw\u00e4sche, Matratzen. Wir liefern IHnen Ihre Wunschmatratze f\u00fcr einige N\u00e4chte zur Probe.<\/p>\n<p style=\"text-align: justify;\">Im Objektbereich haben wir ebenfalls sehr gro\u00dfe Erfahrung.<\/p>\n<p style=\"text-align: justify;\">Mitten im Herzen von Bruchhausen-Vilsen finden Sie uns. Freundliche und eingehende Beratung in angenehmer Atmosph\u00e4re in unserer gro\u00dfz\u00fcgigen R\u00e4umen. Gerne bieten wir Ihnen unsere kompetente Beratung und Probleml\u00f6sungen bei Ihnen zu Hause &#8211; nat\u00fcrlich kostenlos und unverbindlich.<\/p>\n<p style=\"text-align: justify;\">\n<p>&nbsp;<\/p>\n","protected":false},"excerpt":{"rendered":"<p>Sie m\u00f6chten wissen, was wir Ihnen bieten? Die absolut gr\u00f6\u00dfte und vielf\u00e4ltigste Auswahl an Stoffen f\u00fcr s\u00e4mtliche Dekorationsarten f\u00fcr Ihr Heim finden Sie bei uns. Wir sind besonders stark in Sonderanfertigungen aller Art Kissen Tischdecken Lampenschirme Tagesdecken &#8230; Bad-Teppiche geh\u00f6ren wie Frottierwaren nach Ma\u00df und Wunschfarben ebenfalls dazu. Mit modernen Design oder eingefasste Teppiche aus &#8230;<\/p>\n<p><a href=\"https:\/\/willkommen.struss-heimausstattung.de\/?page_id=9\" class=\"more-link\">Weiterlesen <span class=\"meta-nav\">&rarr;<\/span><\/a><\/p>\n","protected":false},"author":1,"featured_media":0,"parent":0,"menu_order":0,"comment_status":"closed","ping_status":"closed","template":"","meta":{"footnotes":""},"class_list":["post-9","page","type-page","status-publish","hentry"],"_links":{"self":[{"href":"https:\/\/willkommen.struss-heimausstattung.de\/index.php?rest_route=\/wp\/v2\/pages\/9","targetHints":{"allow":["GET"]}}],"collection":[{"href":"https:\/\/willkommen.struss-heimausstattung.de\/index.php?rest_route=\/wp\/v2\/pages"}],"about":[{"href":"https:\/\/willkommen.struss-heimausstattung.de\/index.php?rest_route=\/wp\/v2\/types\/page"}],"author":[{"embeddable":true,"href":"https:\/\/willkommen.struss-heimausstattung.de\/index.php?rest_route=\/wp\/v2\/users\/1"}],"replies":[{"embeddable":true,"href":"https:\/\/willkommen.struss-heimausstattung.de\/index.php?rest_route=%2Fwp%2Fv2%2Fcomments&post=9"}],"version-history":[{"count":5,"href":"https:\/\/willkommen.struss-heimausstattung.de\/index.php?rest_route=\/wp\/v2\/pages\/9\/revisions"}],"predecessor-version":[{"id":137,"href":"https:\/\/willkommen.struss-heimausstattung.de\/index.php?rest_route=\/wp\/v2\/pages\/9\/revisions\/137"}],"wp:attachment":[{"href":"https:\/\/willkommen.struss-heimausstattung.de\/index.php?rest_route=%2Fwp%2Fv2%2Fmedia&parent=9"}],"curies":[{"name":"wp","href":"https:\/\/api.w.org\/{rel}","templated":true}]}}