{"id":23,"date":"2013-03-19T07:38:35","date_gmt":"2013-03-19T07:38:35","guid":{"rendered":"http:\/\/willkommen.struss-heimausstattung.de\/?page_id=23"},"modified":"2013-03-19T09:48:35","modified_gmt":"2013-03-19T09:48:35","slug":"impressum","status":"publish","type":"page","link":"https:\/\/willkommen.struss-heimausstattung.de\/?page_id=23","title":{"rendered":"Impressum"},"content":{"rendered":"<p><strong>Impressum<\/strong><\/p>\n<p>Struss-Heimausstattung GmbH<br \/>\nGesch\u00e4ftsf\u00fchrer Ralf Westerwarp<br \/>\nBrautstra\u00dfe 1-3<br \/>\n27305 Bruchhausen-Vilsen<\/p>\n<p>Amtsgericht Nienburg HRB 789<br \/>\nUmsetzsteuer-ID: DE 207604363<\/p>\n<p>Kommunikation via E-Mail kann Sicherheitsl\u00fccken aufweisen. Beispielsweise k\u00f6nnen E-Mails auf ihrem Weg an Stru\u00df-Heimausstattung von versierten Internet-Nutzern aufgehalten und eingesehen werden. Sollten wir eine E-Mail von Ihnen erhalten, so gehen wir davon aus, dass wir zu einer Beantwortung per E-Mail berechtigt sind. Ansonsten m\u00fcssen wir Sie ausdr\u00fccklich auf eine andere Art der Kommunikation verweisen.<\/p>\n<p><strong>Stru\u00df Heimausstattung GmbH<\/strong><br \/>\nBrautstra\u00dfe 1-3<br \/>\n27305 Bruchhausen-Vilsen<br \/>\nTel.: +49 (0) 42 52 &#8211; 18 91<br \/>\nFax: +49 (0) 42 52 &#8211; 93 96 98<br \/>\nE-Mail: info@struss-heimausstattung.de<\/p>\n<p>&nbsp;<\/p>\n<p><strong>Hinweis nach Teledienstedatenschutzgesetz (TDDSG)<\/strong><\/p>\n<p>Die hier erfassten Daten werden keinem Dritten ausserhalb von Struss-Heimausstattung zug\u00e4nglich gemacht. Wir nutzen Ihre personenbezogenen Daten wie z. B. Name, Anschrift etc. ausslie\u00dflich zum Versand von E-Mails und Newsletter.<\/p>\n<p>Nach Wegfall dieser Zweckbestimmung werden Ihre Daten von uns gel\u00f6scht, es sei denn sie unterliegen einer gesetzlichen Aufbewahrungsfrist. Zudem haben Sie die M\u00f6glichkeit, sich jederzeit wieder vom Newsletter abzumelden.<\/p>\n","protected":false},"excerpt":{"rendered":"<p>Impressum Struss-Heimausstattung GmbH Gesch\u00e4ftsf\u00fchrer Ralf Westerwarp Brautstra\u00dfe 1-3 27305 Bruchhausen-Vilsen Amtsgericht Nienburg HRB 789 Umsetzsteuer-ID: DE 207604363 Kommunikation via E-Mail kann Sicherheitsl\u00fccken aufweisen. Beispielsweise k\u00f6nnen E-Mails auf ihrem Weg an Stru\u00df-Heimausstattung von versierten Internet-Nutzern aufgehalten und eingesehen werden. Sollten wir eine E-Mail von Ihnen erhalten, so gehen wir davon aus, dass wir zu einer Beantwortung &#8230;<\/p>\n<p><a href=\"https:\/\/willkommen.struss-heimausstattung.de\/?page_id=23\" class=\"more-link\">Weiterlesen <span class=\"meta-nav\">&rarr;<\/span><\/a><\/p>\n","protected":false},"author":1,"featured_media":0,"parent":0,"menu_order":0,"comment_status":"closed","ping_status":"closed","template":"","meta":{"footnotes":""},"class_list":["post-23","page","type-page","status-publish","hentry"],"_links":{"self":[{"href":"https:\/\/willkommen.struss-heimausstattung.de\/index.php?rest_route=\/wp\/v2\/pages\/23","targetHints":{"allow":["GET"]}}],"collection":[{"href":"https:\/\/willkommen.struss-heimausstattung.de\/index.php?rest_route=\/wp\/v2\/pages"}],"about":[{"href":"https:\/\/willkommen.struss-heimausstattung.de\/index.php?rest_route=\/wp\/v2\/types\/page"}],"author":[{"embeddable":true,"href":"https:\/\/willkommen.struss-heimausstattung.de\/index.php?rest_route=\/wp\/v2\/users\/1"}],"replies":[{"embeddable":true,"href":"https:\/\/willkommen.struss-heimausstattung.de\/index.php?rest_route=%2Fwp%2Fv2%2Fcomments&post=23"}],"version-history":[{"count":3,"href":"https:\/\/willkommen.struss-heimausstattung.de\/index.php?rest_route=\/wp\/v2\/pages\/23\/revisions"}],"predecessor-version":[{"id":84,"href":"https:\/\/willkommen.struss-heimausstattung.de\/index.php?rest_route=\/wp\/v2\/pages\/23\/revisions\/84"}],"wp:attachment":[{"href":"https:\/\/willkommen.struss-heimausstattung.de\/index.php?rest_route=%2Fwp%2Fv2%2Fmedia&parent=23"}],"curies":[{"name":"wp","href":"https:\/\/api.w.org\/{rel}","templated":true}]}}